{"id":91,"date":"2023-01-03T22:11:51","date_gmt":"2023-01-03T22:11:51","guid":{"rendered":"https:\/\/clubescacsmataro.cat\/?page_id=91"},"modified":"2023-04-01T16:14:00","modified_gmt":"2023-04-01T16:14:00","slug":"escola-descacs","status":"publish","type":"page","link":"https:\/\/clubescacsmataro.cat\/index.php\/escola-descacs\/","title":{"rendered":"Escola d&#8217;Escacs"},"content":{"rendered":"\n<p>El club d&#8217;Escacs Matar\u00f3 es dedica a la fomentaci\u00f3 dels escacs tant al seu propi municipi com a aquells dels voltants on alguns dels nostres socis es traslladen a donar classes a escoles com: Meritxell, Valldemia, Institut Alexandre Satorras, Angeleta Ferrer, Cam\u00ed del Mig&#8230; Tamb\u00e9 participem en projectes municipals per fer arribar els escacs a totes les llars com l&#8217;Educa+<\/p>\n\n\n\n<p>Per a poder inscriure&#8217;t a qualesvol d&#8217;aquestes activitats extraescolars os remetem als propis centres, que s\u00f3n els \u00f2rgans interlocutors entre els estudiants i pares i nosaltres. No obstant, tamb\u00e9 tenim grups propis a la nostre seu (<a href=\"https:\/\/www.google.es\/maps\/place\/Carrer+Bonaire,+25,+08301+Matar%C3%B3,+Barcelona\/@41.5416136,2.4431175,17z\/data=!3m1!4b1!4m5!3m4!1s0x12a4b5238af122b7:0xfbf6715748821863!8m2!3d41.5416136!4d2.4453115\" target=\"_blank\" rel=\"noopener\" title=\"\">carrer bonaire 25<\/a>):<\/p>\n\n\n<div class=\"wp-block-image\">\n<figure class=\"aligncenter size-full is-resized\"><img loading=\"lazy\" decoding=\"async\" src=\"https:\/\/clubescacsmataro.cat\/wp-content\/uploads\/2023\/01\/timetable-4.png\" alt=\"\" class=\"wp-image-101\" width=\"479\" height=\"209\" srcset=\"https:\/\/clubescacsmataro.cat\/wp-content\/uploads\/2023\/01\/timetable-4.png 536w, https:\/\/clubescacsmataro.cat\/wp-content\/uploads\/2023\/01\/timetable-4-300x131.png 300w, https:\/\/clubescacsmataro.cat\/wp-content\/uploads\/2023\/01\/timetable-4-24x10.png 24w, https:\/\/clubescacsmataro.cat\/wp-content\/uploads\/2023\/01\/timetable-4-36x16.png 36w, https:\/\/clubescacsmataro.cat\/wp-content\/uploads\/2023\/01\/timetable-4-48x21.png 48w\" sizes=\"auto, (max-width: 479px) 100vw, 479px\" \/><\/figure><\/div>\n\n\n<p>Tot i que els dimecres fem classes particulars, per la naturalesa d&#8217;aquestes mateixes es reserven a concertar entre la disponibilitat de l&#8217;estudiant i del corresponent soci monitor, sempre buscant la m\u00e0xima flexibilitat per a l&#8217;alumne.<\/p>\n\n\n<div class=\"wp-block-image\">\n<figure class=\"aligncenter size-large is-resized\"><img loading=\"lazy\" decoding=\"async\" src=\"https:\/\/clubescacsmataro.cat\/wp-content\/uploads\/2023\/04\/escola-1-1024x768.jpeg\" alt=\"\" class=\"wp-image-231\" width=\"640\" height=\"480\" srcset=\"https:\/\/clubescacsmataro.cat\/wp-content\/uploads\/2023\/04\/escola-1-1024x768.jpeg 1024w, https:\/\/clubescacsmataro.cat\/wp-content\/uploads\/2023\/04\/escola-1-300x225.jpeg 300w, https:\/\/clubescacsmataro.cat\/wp-content\/uploads\/2023\/04\/escola-1-768x576.jpeg 768w, https:\/\/clubescacsmataro.cat\/wp-content\/uploads\/2023\/04\/escola-1-1536x1152.jpeg 1536w, https:\/\/clubescacsmataro.cat\/wp-content\/uploads\/2023\/04\/escola-1-24x18.jpeg 24w, https:\/\/clubescacsmataro.cat\/wp-content\/uploads\/2023\/04\/escola-1-36x27.jpeg 36w, https:\/\/clubescacsmataro.cat\/wp-content\/uploads\/2023\/04\/escola-1-48x36.jpeg 48w, https:\/\/clubescacsmataro.cat\/wp-content\/uploads\/2023\/04\/escola-1.jpeg 2048w\" sizes=\"auto, (max-width: 640px) 100vw, 640px\" \/><\/figure><\/div>\n\n\n<p>Totes les nostres classes van enfocades a <strong>alumnes de qualsevol edat i nivell a partir dels 5 anys<\/strong>, anima&#8217;t!<\/p>\n","protected":false},"excerpt":{"rendered":"<p>El club d&#8217;Escacs Matar\u00f3 es dedica a la fomentaci\u00f3 dels escacs tant al seu propi municipi com a aquells dels voltants on alguns dels nostres socis es traslladen a donar classes a escoles com: Meritxell, Valldemia, Institut Alexandre Satorras, Angeleta &hellip; <a href=\"https:\/\/clubescacsmataro.cat\/index.php\/escola-descacs\/\">Continuar<\/a><\/p>\n","protected":false},"author":1,"featured_media":0,"parent":0,"menu_order":0,"comment_status":"closed","ping_status":"closed","template":"","meta":{"om_disable_all_campaigns":false,"kt_blocks_editor_width":"","_monsterinsights_skip_tracking":false,"_monsterinsights_sitenote_active":false,"_monsterinsights_sitenote_note":"","_monsterinsights_sitenote_category":0,"footnotes":""},"class_list":["post-91","page","type-page","status-publish","hentry"],"aioseo_notices":[],"_links":{"self":[{"href":"https:\/\/clubescacsmataro.cat\/index.php\/wp-json\/wp\/v2\/pages\/91","targetHints":{"allow":["GET"]}}],"collection":[{"href":"https:\/\/clubescacsmataro.cat\/index.php\/wp-json\/wp\/v2\/pages"}],"about":[{"href":"https:\/\/clubescacsmataro.cat\/index.php\/wp-json\/wp\/v2\/types\/page"}],"author":[{"embeddable":true,"href":"https:\/\/clubescacsmataro.cat\/index.php\/wp-json\/wp\/v2\/users\/1"}],"replies":[{"embeddable":true,"href":"https:\/\/clubescacsmataro.cat\/index.php\/wp-json\/wp\/v2\/comments?post=91"}],"version-history":[{"count":6,"href":"https:\/\/clubescacsmataro.cat\/index.php\/wp-json\/wp\/v2\/pages\/91\/revisions"}],"predecessor-version":[{"id":232,"href":"https:\/\/clubescacsmataro.cat\/index.php\/wp-json\/wp\/v2\/pages\/91\/revisions\/232"}],"wp:attachment":[{"href":"https:\/\/clubescacsmataro.cat\/index.php\/wp-json\/wp\/v2\/media?parent=91"}],"curies":[{"name":"wp","href":"https:\/\/api.w.org\/{rel}","templated":true}]}}