{"id":3,"date":"2022-12-03T12:28:26","date_gmt":"2022-12-03T12:28:26","guid":{"rendered":"http:\/\/clubescacsmataro.cat\/?page_id=3"},"modified":"2025-07-31T15:05:00","modified_gmt":"2025-07-31T15:05:00","slug":"privacy-policy-3","status":"publish","type":"page","link":"https:\/\/clubescacsmataro.cat\/index.php\/privacy-policy-3\/","title":{"rendered":"Av\u00eds legal"},"content":{"rendered":"\n<h3 class=\"wp-block-heading\"><strong>CONDICIONS GENERALS D\u2019\u00daS<\/strong><\/h3>\n\n\n\n<p>Club d&#8217;Escacs Matar\u00f3 l\u2019informa que l\u2019acc\u00e9s i \u00fas d\u2019aquesta p\u00e0gina web i tots els subdominis i directoris inclosos sota la mateixa (en endavant el website), aix\u00ed com els serveis o continguts que mitjan\u00e7ant aquest es puguin obtenir, es troben subjectes als termes que es detallen en aquest av\u00eds legal, sens prejudici de que l\u2019acc\u00e9s a algun d\u2019aquests serveis o continguts pugui requerir l\u2019acceptaci\u00f3 d\u2019unes Condicions Generals, o particulars, addicionals.<\/p>\n\n\n\n<p>Club d&#8217;Escacs Matar\u00f3 es reserva el dret a efectuar canvis en el website sense fer cap av\u00eds previ, amb l\u2019objectiu d\u2019actualitzar, corregir, modificar, afegir o eliminar els continguts del website o del seu disseny. Els continguts i serveis del website s\u2019actualitzen peri\u00f2dicament, pel que li suggerim que comprovi sempre la vig\u00e8ncia i exactitud de la informaci\u00f3, serveis i continguts recollits en el website, aix\u00ed com la revisi\u00f3 del present av\u00eds legal.<\/p>\n\n\n\n<p>El codi font, els dissenys gr\u00e0fics, les imatges, les fotografies, els sons, les animacions, el software, els texts, els noms de domini, els signes distintius, aix\u00ed com la informaci\u00f3 i els continguts recollits al llarg de tot el website pertanyen a Club d&#8217;Escacs Matar\u00f3 i estan protegits pels corresponents drets de propietat intel\u00b7lectual i industrial.<\/p>\n\n\n\n<p>La seva utilitzaci\u00f3, reproducci\u00f3, distribuci\u00f3, comunicaci\u00f3 p\u00fablica, transformaci\u00f3 o qualsevol altra activitat semblant o an\u00e0loga, es prohibeix totalment, tret de que hi hagi una autoritzaci\u00f3 expressa per part de Club d&#8217;Escacs Matar\u00f3. L\u2019usuari, \u00fanicament i exclusivament, pot fer servir el material que aparegui al website per al seu \u00fas personal i privat, prohibint-se la seva utilitzaci\u00f3 amb finalitats comercials o per a qualsevol altre \u00fas que no sigui el personal i privat.<\/p>\n\n\n\n<p>Club d&#8217;Escacs Matar\u00f3 \u00e9s respectuosa amb els drets de propietat intel\u00b7lectual i industrial de tercers. Si considera que aquest website pogu\u00e9s estar violant els seus drets, li agrairem que contacti amb Club d&#8217;Escacs Matar\u00f3, enviant un correu electr\u00f2nic a l\u2019adre\u00e7a club.escacs.mataro@gmail.com.<\/p>\n\n\n\n<p><strong>INFORMACI\u00d3 GENERAL<\/strong><\/p>\n\n\n\n<p>En compliment del que preveu la Llei 34\/2002, d\u2019onze de juliol, de Serveis de la Societat de la Informaci\u00f3 i de Comer\u00e7 Electr\u00f2nic, s\u2019informa a l\u2019usuari que la p\u00e0gina web corporativa Club d&#8217;Escacs Matar\u00f3 es troba allotjada al domini www.clubescacsmataro.cat, propietat de la societat sense \u00e0nim de lucre Club d&#8217;Escacs Matar\u00f3.<\/p>\n\n\n\n<p>Club d&#8217;Escacs Matar\u00f3 es una Societat Sense \u00c0nim de Lucre. La seva seu social es troba a Matar\u00f3, Carrer Bonaire, 25, Planta 1, CP: 08302.<\/p>\n\n\n\n<p>Club d&#8217;Escacs Matar\u00f3 realitza activitats esportives relacionades amb els escacs. Per establir una comunicaci\u00f3 directa i efectiva amb Club d&#8217;Escacs Matar\u00f3 pot telefonar al n\u00famero de tel\u00e8fon 653610108 o enviar un correu electr\u00f2nic a l\u2019adre\u00e7a club.escacs.mataro@gmail.com.<\/p>\n\n\n\n<p><strong>LINKS O ENLLA\u00c7OS A ALTRES LLOCS WEB<\/strong><\/p>\n\n\n\n<p>Club d&#8217;Escacs Matar\u00f3 ha incorporat al website enlla\u00e7os a altres p\u00e0gines web que considera que poden ser del seu inter\u00e8s. L\u2019objectiu d\u2019aquests enlla\u00e7os \u00e9s \u00fanicament el de facilitar-li la cerca d\u2019altres recursos del seu inter\u00e8s mitjan\u00e7ant Internet. Aquestes p\u00e0gines web no pertanyen a Club d&#8217;Escacs Matar\u00f3, i Club d&#8217;Escacs Matar\u00f3 no fa una revisi\u00f3 dels seus continguts, pel que, Club d&#8217;Escacs Matar\u00f3 no pot fer-se responsable dels seus continguts, del funcionament de la p\u00e0gina enlla\u00e7ada o dels possibles danys que es puguin derivar de l\u2019acc\u00e9s o \u00fas de la mateixa. Club d&#8217;Escacs Matar\u00f3 es mostra plenament respectuosa amb els drets de propietat intel\u00b7lectual o industrial que puguin correspondre, a terceres persones, sobre les p\u00e0gines web a les que es refereixin els links inserits al website. Per aix\u00f2, si considera que la inclusi\u00f3 d\u2019aquests enlla\u00e7os al website poguessin estar violant els seus drets, li agrairem que es posi en contacte amb Club d&#8217;Escacs Matar\u00f3, enviant un correu electr\u00f2nic a l\u2019adre\u00e7a club.escacs.mataro@gmail.com.<\/p>\n\n\n\n<p>D\u2019altra banda, amb car\u00e0cter general s\u2019autoritza l\u2019enlla\u00e7 de p\u00e0gines web o d\u2019adreces de correu electr\u00f2nic al website, a excepci\u00f3 d\u2019aquells sup\u00f2sits en els que expressament Club d&#8217;Escacs Matar\u00f3 manifesti el contrari. Addicionalment, i en tot cas per entendre com aplicable l\u2019esmentada autoritzaci\u00f3 general, els enlla\u00e7os hauran de respectar, necess\u00e0riament, la seg\u00fcent condici\u00f3: l\u2019establiment de l\u2019enlla\u00e7 no suposar\u00e0, per s\u00ed mateix, cap mena de d\u2019acord, contracte, patrocini ni recomanaci\u00f3 per part de Club d&#8217;Escacs Matar\u00f3 de la p\u00e0gina que efectua l\u2019enlla\u00e7.<\/p>\n\n\n\n<p>No obstant aix\u00f2, en qualsevol moment Club d&#8217;Escacs Matar\u00f3 podr\u00e0 retirar l\u2019autoritzaci\u00f3 esmentada en el par\u00e0graf anterior, sense que hagi de fer cap tipus d\u2019al\u00b7legaci\u00f3. En tal cas, la p\u00e0gina que hagi fet l\u2019enlla\u00e7, haur\u00e0 de procedir a la seva supressi\u00f3 de forma immediata, tan aviat com rebi la notificaci\u00f3 de revocaci\u00f3 de l\u2019autoritzaci\u00f3, emesa per Club d&#8217;Escacs Matar\u00f3.<\/p>\n\n\n\n<p><strong>COOKIES<\/strong><\/p>\n\n\n\n<p>Per veure la pol\u00edtica de cookies del website, l\u2019emplacem a que s\u2019adreci a la secci\u00f3 concreta del website on l\u2019informem de forma m\u00e9s particular sobre les cookies emprades, la seva finalitat, i sobre com pot bloquejar-les<\/p>\n\n\n\n<p><strong>PROTECCI\u00d3 DE DADES<\/strong><\/p>\n\n\n\n<p>En compliment de la legislaci\u00f3 vigent en mat\u00e8ria de protecci\u00f3 de dades de car\u00e0cter personal, l\u2019informem que les dades personals facilitades pels usuaris mitjan\u00e7ant l\u2019adre\u00e7a de correu electr\u00f2nic de contacte, aix\u00ed com en els formularis de contacte del website www.clubescacsmataro.cat, seran tractades per Club d&#8217;Escacs Matar\u00f3, amb la finalitat d\u2019atendre i donar curs als comentaris, consultes i suggeriments que els usuaris del website vulguin fer arribar a la organitzaci\u00f3, aix\u00ed com per rebre comunicacions de novetat i informaci\u00f3 comercial de serveis oferts per Club d&#8217;Escacs Matar\u00f3 en el cas de que l\u2019usuari ho hagi autoritzat expressament. Per exercir els seus drets segons preveu la legislaci\u00f3 vigent, adre\u00e7ant-se a Club d&#8217;Escacs Matar\u00f3 enviant un correu electr\u00f2nic a l\u2019adre\u00e7a club.escacs.mataro@gmail.com.<\/p>\n","protected":false},"excerpt":{"rendered":"<p>CONDICIONS GENERALS D\u2019\u00daS Club d&#8217;Escacs Matar\u00f3 l\u2019informa que l\u2019acc\u00e9s i \u00fas d\u2019aquesta p\u00e0gina web i tots els subdominis i directoris inclosos sota la mateixa (en endavant el website), aix\u00ed com els serveis o continguts que mitjan\u00e7ant aquest es puguin obtenir, &hellip; <a href=\"https:\/\/clubescacsmataro.cat\/index.php\/privacy-policy-3\/\">Continuar<\/a><\/p>\n","protected":false},"author":1,"featured_media":0,"parent":0,"menu_order":0,"comment_status":"closed","ping_status":"open","template":"","meta":{"om_disable_all_campaigns":false,"kt_blocks_editor_width":"","_monsterinsights_skip_tracking":false,"_monsterinsights_sitenote_active":false,"_monsterinsights_sitenote_note":"","_monsterinsights_sitenote_category":0,"footnotes":""},"class_list":["post-3","page","type-page","status-publish","hentry"],"aioseo_notices":[],"_links":{"self":[{"href":"https:\/\/clubescacsmataro.cat\/index.php\/wp-json\/wp\/v2\/pages\/3","targetHints":{"allow":["GET"]}}],"collection":[{"href":"https:\/\/clubescacsmataro.cat\/index.php\/wp-json\/wp\/v2\/pages"}],"about":[{"href":"https:\/\/clubescacsmataro.cat\/index.php\/wp-json\/wp\/v2\/types\/page"}],"author":[{"embeddable":true,"href":"https:\/\/clubescacsmataro.cat\/index.php\/wp-json\/wp\/v2\/users\/1"}],"replies":[{"embeddable":true,"href":"https:\/\/clubescacsmataro.cat\/index.php\/wp-json\/wp\/v2\/comments?post=3"}],"version-history":[{"count":3,"href":"https:\/\/clubescacsmataro.cat\/index.php\/wp-json\/wp\/v2\/pages\/3\/revisions"}],"predecessor-version":[{"id":1709,"href":"https:\/\/clubescacsmataro.cat\/index.php\/wp-json\/wp\/v2\/pages\/3\/revisions\/1709"}],"wp:attachment":[{"href":"https:\/\/clubescacsmataro.cat\/index.php\/wp-json\/wp\/v2\/media?parent=3"}],"curies":[{"name":"wp","href":"https:\/\/api.w.org\/{rel}","templated":true}]}}