{"id":1789,"date":"2025-09-23T08:45:01","date_gmt":"2025-09-23T08:45:01","guid":{"rendered":"https:\/\/clubescacsmataro.cat\/?page_id=1789"},"modified":"2025-09-23T09:11:34","modified_gmt":"2025-09-23T09:11:34","slug":"activitats","status":"publish","type":"page","link":"https:\/\/clubescacsmataro.cat\/index.php\/activitats\/","title":{"rendered":"Activitats"},"content":{"rendered":"\n<div class=\"wp-block-stackable-heading stk-block-heading stk-block-heading--v2 stk-block stk-ff91e5b\" id=\"sessions-dentrenament-sde\" data-block-id=\"ff91e5b\"><h2 class=\"stk-block-heading__text\">Sessions d&#8217;entrenament SDE<\/h2><\/div>\n\n\n\n<p>L\u2019objectiu de les sessions d\u2019entrenament (SdE) es mantenir-nos actius, compartir idees, passar l\u2019estona, fer vida de club\u2026 tots els objectius volen donar vida al club.<br>Inicialment, les sessions estan gestionades i coordinades internament i els docents s\u00f3n jugadors amb voluntat de contribuir. Potser excepcionalment portem un convidat, per\u00f2 la idea \u00e9s generar primer el moviment i agafar un bon costum.<\/p>\n\n\n\n<div class=\"wp-block-stackable-spacer stk-block-spacer stk--no-padding stk-block stk-8c563f2\" data-block-id=\"8c563f2\"><\/div>\n\n\n\n<div class=\"wp-block-stackable-image stk-block-image has-text-align-center stk-block stk-5dfd8c0\" data-block-id=\"5dfd8c0\"><style>.stk-5dfd8c0 {margin-bottom:40px !important;}.stk-5dfd8c0 .stk-img-wrapper{width:100% !important;height:100% !important;}<\/style><figure><span class=\"stk-img-wrapper stk-image--shape-stretch\"><img loading=\"lazy\" decoding=\"async\" class=\"stk-img wp-image-1808\" src=\"http:\/\/clubescacsmataro.cat\/wp-content\/uploads\/2025\/09\/Sde_1-4.jpg\" width=\"1072\" height=\"961\" srcset=\"https:\/\/clubescacsmataro.cat\/wp-content\/uploads\/2025\/09\/Sde_1-4.jpg 1072w, https:\/\/clubescacsmataro.cat\/wp-content\/uploads\/2025\/09\/Sde_1-4-300x269.jpg 300w, https:\/\/clubescacsmataro.cat\/wp-content\/uploads\/2025\/09\/Sde_1-4-1024x918.jpg 1024w, https:\/\/clubescacsmataro.cat\/wp-content\/uploads\/2025\/09\/Sde_1-4-768x688.jpg 768w, https:\/\/clubescacsmataro.cat\/wp-content\/uploads\/2025\/09\/Sde_1-4-24x22.jpg 24w, https:\/\/clubescacsmataro.cat\/wp-content\/uploads\/2025\/09\/Sde_1-4-36x32.jpg 36w, https:\/\/clubescacsmataro.cat\/wp-content\/uploads\/2025\/09\/Sde_1-4-48x43.jpg 48w\" sizes=\"auto, (max-width: 1072px) 100vw, 1072px\" \/><\/span><\/figure><\/div>\n\n\n\n<p><\/p>\n","protected":false},"excerpt":{"rendered":"<p>Sessions d&#8217;entrenament SDE L\u2019objectiu de les sessions d\u2019entrenament (SdE) es mantenir-nos actius, compartir idees, passar l\u2019estona, fer vida de club\u2026 tots els objectius volen donar vida al club.Inicialment, les sessions estan gestionades i coordinades internament i els docents s\u00f3n jugadors &hellip; <a href=\"https:\/\/clubescacsmataro.cat\/index.php\/activitats\/\">Continuar<\/a><\/p>\n","protected":false},"author":1,"featured_media":0,"parent":0,"menu_order":0,"comment_status":"closed","ping_status":"closed","template":"","meta":{"om_disable_all_campaigns":false,"kt_blocks_editor_width":"","_monsterinsights_skip_tracking":false,"_monsterinsights_sitenote_active":false,"_monsterinsights_sitenote_note":"","_monsterinsights_sitenote_category":0,"footnotes":""},"class_list":["post-1789","page","type-page","status-publish","hentry"],"aioseo_notices":[],"_links":{"self":[{"href":"https:\/\/clubescacsmataro.cat\/index.php\/wp-json\/wp\/v2\/pages\/1789","targetHints":{"allow":["GET"]}}],"collection":[{"href":"https:\/\/clubescacsmataro.cat\/index.php\/wp-json\/wp\/v2\/pages"}],"about":[{"href":"https:\/\/clubescacsmataro.cat\/index.php\/wp-json\/wp\/v2\/types\/page"}],"author":[{"embeddable":true,"href":"https:\/\/clubescacsmataro.cat\/index.php\/wp-json\/wp\/v2\/users\/1"}],"replies":[{"embeddable":true,"href":"https:\/\/clubescacsmataro.cat\/index.php\/wp-json\/wp\/v2\/comments?post=1789"}],"version-history":[{"count":12,"href":"https:\/\/clubescacsmataro.cat\/index.php\/wp-json\/wp\/v2\/pages\/1789\/revisions"}],"predecessor-version":[{"id":1810,"href":"https:\/\/clubescacsmataro.cat\/index.php\/wp-json\/wp\/v2\/pages\/1789\/revisions\/1810"}],"wp:attachment":[{"href":"https:\/\/clubescacsmataro.cat\/index.php\/wp-json\/wp\/v2\/media?parent=1789"}],"curies":[{"name":"wp","href":"https:\/\/api.w.org\/{rel}","templated":true}]}}